{"id":462,"date":"2023-09-04T10:18:10","date_gmt":"2023-09-04T10:18:10","guid":{"rendered":"https:\/\/laprovincedumaine.fr\/?page_id=462"},"modified":"2023-09-14T13:04:33","modified_gmt":"2023-09-14T13:04:33","slug":"actualite-du-patrimoine","status":"publish","type":"page","link":"https:\/\/laprovincedumaine.fr\/index.php\/actualite-du-patrimoine\/","title":{"rendered":"Actualit\u00e9 du patrimoine"},"content":{"rendered":"\n<h1 class=\"wp-block-heading has-text-align-center\">Actualit\u00e9 du patrimoine<\/h1>\n\n\n\n<div class=\"wp-block-cover alignfull\" style=\"min-height:350px;aspect-ratio:unset;\"><span aria-hidden=\"true\" class=\"wp-block-cover__background has-ast-global-color-5-background-color has-background-dim-60 has-background-dim\"><\/span><img loading=\"lazy\" decoding=\"async\" width=\"1024\" height=\"683\" class=\"wp-block-cover__image-background wp-image-818\" alt=\"\" src=\"https:\/\/laprovincedumaine.fr\/wp-content\/uploads\/2023\/09\/Rue-pavee-de-la-Cite-Plantagenet.jpg\" data-object-fit=\"cover\" srcset=\"https:\/\/laprovincedumaine.fr\/wp-content\/uploads\/2023\/09\/Rue-pavee-de-la-Cite-Plantagenet.jpg 1024w, https:\/\/laprovincedumaine.fr\/wp-content\/uploads\/2023\/09\/Rue-pavee-de-la-Cite-Plantagenet-300x200.jpg 300w, https:\/\/laprovincedumaine.fr\/wp-content\/uploads\/2023\/09\/Rue-pavee-de-la-Cite-Plantagenet-768x512.jpg 768w\" sizes=\"auto, (max-width: 1024px) 100vw, 1024px\" \/><div class=\"wp-block-cover__inner-container is-layout-constrained wp-block-cover-is-layout-constrained\">\n<div class=\"inherit-container-width wp-block-group is-layout-constrained wp-block-group-is-layout-constrained\">\n<h3 class=\"wp-block-heading alignwide has-text-align-center\"><mark style=\"background-color:rgba(0, 0, 0, 0)\" class=\"has-inline-color has-ast-global-color-2-color\">Retrouvez ici nos coups de c\u0153ur du patrimoine manceau, sarthois, et au-del\u00e0.<\/mark><\/h3>\n\n\n\n<div class=\"wp-block-buttons is-content-justification-center is-layout-flex wp-container-core-buttons-is-layout-a89b3969 wp-block-buttons-is-layout-flex\">\n<div class=\"wp-block-button has-custom-font-size\" style=\"font-size:20px\"><a class=\"wp-block-button__link has-ast-global-color-5-color has-text-color wp-element-button\" href=\"https:\/\/laprovincedumaine.fr\/index.php\/category\/expositions\/\" style=\"padding-top:var(--wp--preset--spacing--40);padding-right:var(--wp--preset--spacing--40);padding-bottom:var(--wp--preset--spacing--40);padding-left:var(--wp--preset--spacing--40)\">Expositions<\/a><\/div>\n\n\n\n<div class=\"wp-block-button has-custom-font-size\" style=\"font-size:20px\"><a class=\"wp-block-button__link has-ast-global-color-5-color has-text-color wp-element-button\" href=\"https:\/\/laprovincedumaine.fr\/index.php\/category\/journees-europeennes-de-larcheologie\/\" style=\"padding-top:var(--wp--preset--spacing--40);padding-right:var(--wp--preset--spacing--40);padding-bottom:var(--wp--preset--spacing--40);padding-left:var(--wp--preset--spacing--40)\">Journ\u00e9es Europ\u00e9ennes de l&rsquo;arch\u00e9ologie<\/a><\/div>\n\n\n\n<div class=\"wp-block-button has-custom-font-size\" style=\"font-size:20px\"><a class=\"wp-block-button__link has-ast-global-color-5-color has-text-color wp-element-button\" href=\"https:\/\/laprovincedumaine.fr\/index.php\/category\/journees-europeennes-du-patrimoine\/\" style=\"padding-top:var(--wp--preset--spacing--40);padding-right:var(--wp--preset--spacing--40);padding-bottom:var(--wp--preset--spacing--40);padding-left:var(--wp--preset--spacing--40)\">Journ\u00e9es Europ\u00e9ennes du patrimoine<\/a><\/div>\n\n\n\n<div class=\"wp-block-button has-custom-font-size\" style=\"font-size:20px\"><a class=\"wp-block-button__link has-ast-global-color-5-color has-text-color has-text-align-center wp-element-button\" href=\"https:\/\/laprovincedumaine.fr\/index.php\/category\/restaurations\/\" style=\"padding-top:var(--wp--preset--spacing--40);padding-right:var(--wp--preset--spacing--40);padding-bottom:var(--wp--preset--spacing--40);padding-left:var(--wp--preset--spacing--40)\">Restaurations<\/a><\/div>\n\n\n\n<div class=\"wp-block-button has-custom-font-size\" style=\"font-size:20px\"><a class=\"wp-block-button__link has-ast-global-color-5-color has-text-color has-text-align-center wp-element-button\" href=\"https:\/\/laprovincedumaine.fr\/index.php\/category\/visites\/\" style=\"padding-top:var(--wp--preset--spacing--40);padding-right:var(--wp--preset--spacing--40);padding-bottom:var(--wp--preset--spacing--40);padding-left:var(--wp--preset--spacing--40)\">Visites<\/a><\/div>\n<\/div>\n<\/div>\n<\/div><\/div>\n","protected":false},"excerpt":{"rendered":"<p>Actualit\u00e9 du patrimoine<\/p>\n","protected":false},"author":3,"featured_media":0,"parent":0,"menu_order":0,"comment_status":"closed","ping_status":"closed","template":"","meta":{"site-sidebar-layout":"default","site-content-layout":"default","ast-global-header-display":"","ast-banner-title-visibility":"","ast-main-header-display":"","ast-hfb-above-header-display":"","ast-hfb-below-header-display":"","ast-hfb-mobile-header-display":"","site-post-title":"disabled","ast-breadcrumbs-content":"","ast-featured-img":"","footer-sml-layout":"","theme-transparent-header-meta":"","adv-header-id-meta":"","stick-header-meta":"","header-above-stick-meta":"","header-main-stick-meta":"","header-below-stick-meta":"","footnotes":""},"class_list":["post-462","page","type-page","status-publish","hentry"],"aioseo_notices":[],"_links":{"self":[{"href":"https:\/\/laprovincedumaine.fr\/index.php\/wp-json\/wp\/v2\/pages\/462","targetHints":{"allow":["GET"]}}],"collection":[{"href":"https:\/\/laprovincedumaine.fr\/index.php\/wp-json\/wp\/v2\/pages"}],"about":[{"href":"https:\/\/laprovincedumaine.fr\/index.php\/wp-json\/wp\/v2\/types\/page"}],"author":[{"embeddable":true,"href":"https:\/\/laprovincedumaine.fr\/index.php\/wp-json\/wp\/v2\/users\/3"}],"replies":[{"embeddable":true,"href":"https:\/\/laprovincedumaine.fr\/index.php\/wp-json\/wp\/v2\/comments?post=462"}],"version-history":[{"count":28,"href":"https:\/\/laprovincedumaine.fr\/index.php\/wp-json\/wp\/v2\/pages\/462\/revisions"}],"predecessor-version":[{"id":884,"href":"https:\/\/laprovincedumaine.fr\/index.php\/wp-json\/wp\/v2\/pages\/462\/revisions\/884"}],"wp:attachment":[{"href":"https:\/\/laprovincedumaine.fr\/index.php\/wp-json\/wp\/v2\/media?parent=462"}],"curies":[{"name":"wp","href":"https:\/\/api.w.org\/{rel}","templated":true}]}}