{"id":37,"date":"2023-03-19T19:00:51","date_gmt":"2023-03-19T19:00:51","guid":{"rendered":"https:\/\/provincedumaine.alwaysdata.net\/?page_id=37"},"modified":"2024-02-13T09:03:01","modified_gmt":"2024-02-13T09:03:01","slug":"nos-parcours","status":"publish","type":"page","link":"https:\/\/laprovincedumaine.fr\/index.php\/nos-parcours\/","title":{"rendered":"Nos parcours"},"content":{"rendered":"\n<h2 class=\"wp-block-heading has-text-align-center has-white-background-color has-text-color has-background\" style=\"color:#974633;font-style:normal;font-weight:700\"><strong>P<\/strong>arcours Lionel Royer<\/h2>\n\n\n\n<blockquote class=\"wp-block-quote has-greyish-purple-color has-text-color has-background is-layout-flow wp-block-quote-is-layout-flow\" style=\"background-color:#fcfcfc;font-size:8px\">\n<p><\/p>\n\n\n\n<p class=\"has-medium-font-size\">Retrouvez ci-dessous les \u0153uvres de Lionel Royer visibles au Mans.<\/p>\n\n\n\n<div class=\"flourish-embed flourish-map\" data-src=\"visualisation\/13112975\"><script src=\"https:\/\/public.flourish.studio\/resources\/embed.js\"><\/script><\/div>\n<cite>R\u00e9alis\u00e9e par Quentin Perier et Mariana Veloso Gra\u00e7a<\/cite><\/blockquote>\n","protected":false},"excerpt":{"rendered":"<p>Parcours Lionel Royer Retrouvez ci-dessous les \u0153uvres de Lionel Royer visibles au Mans. R\u00e9alis\u00e9e par Quentin Perier et Mariana Veloso Gra\u00e7a<\/p>\n","protected":false},"author":1,"featured_media":0,"parent":0,"menu_order":0,"comment_status":"closed","ping_status":"closed","template":"","meta":{"site-sidebar-layout":"default","site-content-layout":"default","ast-global-header-display":"","ast-banner-title-visibility":"","ast-main-header-display":"","ast-hfb-above-header-display":"","ast-hfb-below-header-display":"","ast-hfb-mobile-header-display":"","site-post-title":"","ast-breadcrumbs-content":"","ast-featured-img":"","footer-sml-layout":"","theme-transparent-header-meta":"","adv-header-id-meta":"","stick-header-meta":"","header-above-stick-meta":"","header-main-stick-meta":"","header-below-stick-meta":"","footnotes":""},"class_list":["post-37","page","type-page","status-publish","hentry"],"aioseo_notices":[],"_links":{"self":[{"href":"https:\/\/laprovincedumaine.fr\/index.php\/wp-json\/wp\/v2\/pages\/37","targetHints":{"allow":["GET"]}}],"collection":[{"href":"https:\/\/laprovincedumaine.fr\/index.php\/wp-json\/wp\/v2\/pages"}],"about":[{"href":"https:\/\/laprovincedumaine.fr\/index.php\/wp-json\/wp\/v2\/types\/page"}],"author":[{"embeddable":true,"href":"https:\/\/laprovincedumaine.fr\/index.php\/wp-json\/wp\/v2\/users\/1"}],"replies":[{"embeddable":true,"href":"https:\/\/laprovincedumaine.fr\/index.php\/wp-json\/wp\/v2\/comments?post=37"}],"version-history":[{"count":19,"href":"https:\/\/laprovincedumaine.fr\/index.php\/wp-json\/wp\/v2\/pages\/37\/revisions"}],"predecessor-version":[{"id":1043,"href":"https:\/\/laprovincedumaine.fr\/index.php\/wp-json\/wp\/v2\/pages\/37\/revisions\/1043"}],"wp:attachment":[{"href":"https:\/\/laprovincedumaine.fr\/index.php\/wp-json\/wp\/v2\/media?parent=37"}],"curies":[{"name":"wp","href":"https:\/\/api.w.org\/{rel}","templated":true}]}}