{"id":343,"date":"2023-08-07T07:43:01","date_gmt":"2023-08-07T07:43:01","guid":{"rendered":"https:\/\/provincedumaine.alwaysdata.net\/?page_id=343"},"modified":"2023-09-05T07:50:28","modified_gmt":"2023-09-05T07:50:28","slug":"archives-historiques-du-maine","status":"publish","type":"page","link":"https:\/\/laprovincedumaine.fr\/index.php\/archives-historiques-du-maine\/","title":{"rendered":"Archives historiques du Maine"},"content":{"rendered":"\n<div class=\"wp-block-media-text alignwide has-media-on-the-right is-stacked-on-mobile\" style=\"grid-template-columns:auto 33%\"><div class=\"wp-block-media-text__content\">\n<div class=\"inherit-container-width wp-block-group is-layout-constrained wp-block-group-is-layout-constrained\">\n<p class=\"has-text-color\" style=\"color:#000000e0;font-style:normal;font-weight:600\">&nbsp;&nbsp; Les <strong>archives historiques du Maine<\/strong> ont publi\u00e9 leur premier tome en 1900. Oeuvre du <strong>comte Bertrand de Broussillon<\/strong>, cet ouvrage est consacr\u00e9 au cartulaire des \u00e9v\u00eaques du Mans. De 1900 \u00e0 1913 onze tomes vont suivre, \u00e9crits par le<strong> comte de Broussillon<\/strong> (3), les <strong>abb\u00e9s<\/strong> &nbsp;&nbsp;<strong>Busson<\/strong>,<strong> Ledru<\/strong>,<strong>&nbsp; Denis <\/strong>et <strong>Froger<\/strong>, le <strong>vicomte<\/strong> <strong>Menjot d\u2019Elbenne<\/strong> enfin. Ces ouvrages concernent pour l\u2019essentiel les actes de l\u2019\u00e9v\u00each\u00e9 du Mans mais nous pouvons noter cependant que le tome XII publi\u00e9 en 1913 par l\u2019<strong>abb\u00e9<\/strong> <strong>Denis<\/strong> est consacr\u00e9 aux chartes de l\u2019\u00e9v\u00each\u00e9 de Tours.<\/p>\n\n\n\n<p class=\"has-text-color\" style=\"color:#000000e0;font-style:normal;font-weight:600\">&nbsp;&nbsp; Dans cette collection il faut relever la pr\u00e9sence d\u2019une \u00e9tude originale de l\u2019<strong>abb\u00e9 Ledru<\/strong>, son <em>R\u00e9pertoire des Monuments et Objets anciens (pr\u00e9historiques, gallo-romains, m\u00e9rovingiens et carolingiens) existant ou trouv\u00e9s dans les d\u00e9partements de la Sarthe et de la Mayenne.<\/em> Ces ouvrages constituent encore aujourd\u2019hui des sources indispensables pour tous les historiens et surtout les m\u00e9di\u00e9vistes. Le <strong>comte de Broussillon<\/strong> a \u00e9galement publi\u00e9 le cartulaire de l\u2019abbaye Saint-Aubin d\u2019Angers chez un autre \u00e9diteur. On peut noter que la <strong>BNF<\/strong> et <strong>Hachette Livre <\/strong>ont d\u00e9cid\u00e9 de mettre ces ouvrages sous forme de reprint \u00e0 la dispositions des lecteurs, ce qui en montre l\u2019int\u00e9r\u00eat aujourd\u2019hui encore.<\/p>\n\n\n\n<p class=\"has-text-color\" style=\"color:#000000e0;font-style:normal;font-weight:600\">&nbsp;&nbsp; Ces publications s\u2019arr\u00eatent apr\u00e8s la premi\u00e8re guerre et il faut attendre 1951-1952 pour que l\u2019abb\u00e9 <strong>Jean Bouvet<\/strong> publie le tome XIII de cette collection, consacr\u00e9 \u00e0 la <em>Correspondance d\u2019Adam, abb\u00e9 de Perseigne,<\/em> ouvrage publi\u00e9 sous forme de fascicules d\u2019un total de 663 pages.&nbsp; En 1967, les <strong>Archives historiques du Maine<\/strong> \u00e9ditent la <em>Translation de Saint-Liboire (834) du diacre Erconrad,<\/em> traduit du latin, ouvrage tr\u00e8s pr\u00e9cieux pour tous ceux qui s\u2019int\u00e9ressent au jumelage Le Mans-Paderborn.<\/p>\n\n\n\n<p class=\"has-text-color\" style=\"color:#000000e0;font-style:normal;font-weight:600\">&nbsp; En 1968, ouvrant une voie nouvelle de publication, les responsables de la revue d\u00e9cident de publier la th\u00e8se pour le doctorat&nbsp; d\u2019Universit\u00e9 de <strong>Jean Bar\u00e8re<\/strong>, consacr\u00e9e \u00e0 <em>La Pi\u00e9t\u00e9-Dieu de l\u2019\u00c9pau. Construction et Am\u00e9nagement d\u2019une abbaye Cistercienne (1230-1365),<\/em> ouvrage de 112 pages fort int\u00e9ressant et peut-\u00eatre un peu trop oubli\u00e9.<\/p>\n\n\n\n<p class=\"has-text-color\" style=\"color:#000000e0;font-style:normal;font-weight:600\">&nbsp;&nbsp; En 1971 l\u2019abb\u00e9 <strong>Fr\u00e9d\u00e9ric Lemeunier<\/strong> r\u00e9unit de nombreux t\u00e9moignages de Sarthois qui, sous le titre <em>Sarthois pendant l\u2019ann\u00e9e terrible 1870-1871 <\/em>constituent le tome XVI de la collection. Nous voyons ici le souci de rassembler des sources orales, qui m\u00e9ritent aussi d\u2019\u00eatre conserv\u00e9es.<\/p>\n\n\n\n<p class=\"has-text-color\" style=\"color:#000000e0;font-style:normal;font-weight:600\">&nbsp;&nbsp; Enfin en 1994, <strong>Thierry de la Bouillerie<\/strong> publie les <em>Souvenirs de voisinage de Ren\u00e9 III Du Guesclin,<\/em> un livre de 134 pages, tome XVII des <strong>Archives historiques du Maine<\/strong>.<\/p>\n\n\n\n<p class=\"has-text-color\" style=\"color:#000000e0;font-style:normal;font-weight:600\">&nbsp;&nbsp;&nbsp; S\u2019il n\u2019est pas envisageable pour la <strong>Soci\u00e9t\u00e9 historique de la Province du Maine<\/strong> de reprendre les grandes publications, les derniers livres parus montrent qu\u2019il est possible de publier dans le cadre des <strong>Archives historiques du Maine<\/strong> des ouvrages permettant aux auteurs de d\u00e9velopper, de fa\u00e7on plus ample, leurs \u00e9tudes et leurs recherches.<\/p>\n<\/div>\n<\/div><figure class=\"wp-block-media-text__media\"><img loading=\"lazy\" decoding=\"async\" width=\"518\" height=\"713\" src=\"https:\/\/laprovincedumaine.fr\/wp-content\/uploads\/2023\/09\/Numerisation_20230811.jpg\" alt=\"\" class=\"wp-image-430 size-full\" srcset=\"https:\/\/laprovincedumaine.fr\/wp-content\/uploads\/2023\/09\/Numerisation_20230811.jpg 518w, https:\/\/laprovincedumaine.fr\/wp-content\/uploads\/2023\/09\/Numerisation_20230811-218x300.jpg 218w\" sizes=\"auto, (max-width: 518px) 100vw, 518px\" \/><\/figure><\/div>\n","protected":false},"excerpt":{"rendered":"","protected":false},"author":3,"featured_media":0,"parent":0,"menu_order":0,"comment_status":"closed","ping_status":"closed","template":"","meta":{"site-sidebar-layout":"default","site-content-layout":"default","ast-global-header-display":"","ast-banner-title-visibility":"","ast-main-header-display":"","ast-hfb-above-header-display":"","ast-hfb-below-header-display":"","ast-hfb-mobile-header-display":"","site-post-title":"","ast-breadcrumbs-content":"","ast-featured-img":"","footer-sml-layout":"","theme-transparent-header-meta":"","adv-header-id-meta":"","stick-header-meta":"","header-above-stick-meta":"","header-main-stick-meta":"","header-below-stick-meta":"","footnotes":""},"class_list":["post-343","page","type-page","status-publish","hentry"],"aioseo_notices":[],"_links":{"self":[{"href":"https:\/\/laprovincedumaine.fr\/index.php\/wp-json\/wp\/v2\/pages\/343","targetHints":{"allow":["GET"]}}],"collection":[{"href":"https:\/\/laprovincedumaine.fr\/index.php\/wp-json\/wp\/v2\/pages"}],"about":[{"href":"https:\/\/laprovincedumaine.fr\/index.php\/wp-json\/wp\/v2\/types\/page"}],"author":[{"embeddable":true,"href":"https:\/\/laprovincedumaine.fr\/index.php\/wp-json\/wp\/v2\/users\/3"}],"replies":[{"embeddable":true,"href":"https:\/\/laprovincedumaine.fr\/index.php\/wp-json\/wp\/v2\/comments?post=343"}],"version-history":[{"count":11,"href":"https:\/\/laprovincedumaine.fr\/index.php\/wp-json\/wp\/v2\/pages\/343\/revisions"}],"predecessor-version":[{"id":447,"href":"https:\/\/laprovincedumaine.fr\/index.php\/wp-json\/wp\/v2\/pages\/343\/revisions\/447"}],"wp:attachment":[{"href":"https:\/\/laprovincedumaine.fr\/index.php\/wp-json\/wp\/v2\/media?parent=343"}],"curies":[{"name":"wp","href":"https:\/\/api.w.org\/{rel}","templated":true}]}}