{"id":339,"date":"2023-08-07T07:36:57","date_gmt":"2023-08-07T07:36:57","guid":{"rendered":"https:\/\/provincedumaine.alwaysdata.net\/?page_id=339"},"modified":"2023-09-12T13:25:36","modified_gmt":"2023-09-12T13:25:36","slug":"colloques","status":"publish","type":"page","link":"https:\/\/laprovincedumaine.fr\/index.php\/colloques\/","title":{"rendered":"Colloques"},"content":{"rendered":"\n<p><strong>Retrouvez ci-dessous tous les colloques organis\u00e9s par la soci\u00e9t\u00e9.<\/strong><\/p>\n\n\n\n<ul class=\"wp-block-list\">\n<li>Actes du colloque du Mans, abbaye Saint-Vincent,&nbsp; octobre 1999, sous la direction de&nbsp;<a href=\"https:\/\/fr.wikipedia.org\/wiki\/Daniel-Odon_Hurel\">Daniel-Odon Hurel<\/a>, directeur de recherche au CNRS et Andr\u00e9 L\u00e9vy, docteur en histoire, sous le patronage de l\u2019Acad\u00e9mie des Inscriptions et Belles-Lettres<sup><a href=\"https:\/\/fr.wikipedia.org\/wiki\/Soci%C3%A9t%C3%A9_historique_de_La_Province_du_Maine#cite_note-4\">4<\/a><\/sup>.<\/li>\n\n\n\n<li>Actes du colloque de l\u2019abbaye de l\u2019\u00c9pau des 22 et 23 mars 2003, publi\u00e9s sous la direction de&nbsp;<a href=\"https:\/\/fr.wikipedia.org\/wiki\/Nadine_Vivier\">Nadine Vivier<\/a>, professeur \u00e9m\u00e9rite \u00e0 l\u2019universit\u00e9 du Maine et Ren\u00e9 Plessix, pr\u00e9sident de la Soci\u00e9t\u00e9 Historique de la Province du Maine<sup><a href=\"https:\/\/fr.wikipedia.org\/wiki\/Soci%C3%A9t%C3%A9_historique_de_La_Province_du_Maine#cite_note-5\">5<\/a><\/sup>.<\/li>\n\n\n\n<li>Actes du colloque de Tuff\u00e9, 30 mars 2005, direction scientifique dom Thierry Barbeau, moine de Solesmes et Andr\u00e9 L\u00e9vy<sup><a href=\"https:\/\/fr.wikipedia.org\/wiki\/Soci%C3%A9t%C3%A9_historique_de_La_Province_du_Maine#cite_note-6\">6<\/a><\/sup>.<\/li>\n\n\n\n<li>Actes du colloque de l\u2019abbaye de l\u2019\u00c9pau du 14 mars 2009, publi\u00e9s sous la direction de Nadine Vivier et Ren\u00e9 Plessix<sup><a href=\"https:\/\/fr.wikipedia.org\/wiki\/Soci%C3%A9t%C3%A9_historique_de_La_Province_du_Maine#cite_note-7\">7<\/a><\/sup>.<\/li>\n\n\n\n<li>Actes du colloque Vivoin-Tuff\u00e9 des 18-19 juin 2010, \u00e9dit\u00e9s par Serge Bertin, docteur en ethnologie et Jean-Pierre Maupay<sup><a href=\"https:\/\/fr.wikipedia.org\/wiki\/Soci%C3%A9t%C3%A9_historique_de_La_Province_du_Maine#cite_note-8\">8<\/a><\/sup>.<\/li>\n\n\n\n<li>Actes du colloque d\u2019\u00c9vron du 23 octobre 2010, \u00e9dit\u00e9s par Andr\u00e9 L\u00e9vy<sup><a href=\"https:\/\/fr.wikipedia.org\/wiki\/Soci%C3%A9t%C3%A9_historique_de_La_Province_du_Maine#cite_note-9\">9<\/a><\/sup>.<\/li>\n\n\n\n<li>Journ\u00e9e d\u2019\u00e9tude Louis Simon, \u00e0 l\u2019abbaye Saint-Vincent 28 mai 2016 , \u00e9dit\u00e9e par&nbsp;<a href=\"https:\/\/fr.wikipedia.org\/wiki\/Sylvie_Granger\">Sylvie Granger<\/a>&nbsp;et Annick Le Goff-Guilleux<sup><a href=\"https:\/\/fr.wikipedia.org\/wiki\/Soci%C3%A9t%C3%A9_historique_de_La_Province_du_Maine#cite_note-10\">10<\/a><\/sup>.<\/li>\n\n\n\n<li>Journ\u00e9e de l\u2019histoire 30 septembre 2017, textes r\u00e9unis par Ren\u00e9 Plessix<sup><a href=\"https:\/\/fr.wikipedia.org\/wiki\/Soci%C3%A9t%C3%A9_historique_de_La_Province_du_Maine#cite_note-11\">11<\/a><\/sup><\/li>\n<\/ul>\n\n\n\n<p><\/p>\n\n\n\n<p><\/p>\n\n\n\n<p><\/p>\n\n\n\n<p><\/p>\n\n\n\n<p><\/p>\n\n\n\n<p class=\"has-text-align-right\"><a href=\"https:\/\/laprovincedumaine.fr\/index.php\/easter-eggs\/\" title=\".\">.<\/a><\/p>\n","protected":false},"excerpt":{"rendered":"<p>Retrouvez ci-dessous tous les colloques organis\u00e9s par la soci\u00e9t\u00e9. .<\/p>\n","protected":false},"author":3,"featured_media":0,"parent":0,"menu_order":0,"comment_status":"closed","ping_status":"closed","template":"","meta":{"site-sidebar-layout":"default","site-content-layout":"default","ast-global-header-display":"","ast-banner-title-visibility":"","ast-main-header-display":"","ast-hfb-above-header-display":"","ast-hfb-below-header-display":"","ast-hfb-mobile-header-display":"","site-post-title":"","ast-breadcrumbs-content":"","ast-featured-img":"","footer-sml-layout":"","theme-transparent-header-meta":"","adv-header-id-meta":"","stick-header-meta":"","header-above-stick-meta":"","header-main-stick-meta":"","header-below-stick-meta":"","footnotes":""},"class_list":["post-339","page","type-page","status-publish","hentry"],"aioseo_notices":[],"_links":{"self":[{"href":"https:\/\/laprovincedumaine.fr\/index.php\/wp-json\/wp\/v2\/pages\/339","targetHints":{"allow":["GET"]}}],"collection":[{"href":"https:\/\/laprovincedumaine.fr\/index.php\/wp-json\/wp\/v2\/pages"}],"about":[{"href":"https:\/\/laprovincedumaine.fr\/index.php\/wp-json\/wp\/v2\/types\/page"}],"author":[{"embeddable":true,"href":"https:\/\/laprovincedumaine.fr\/index.php\/wp-json\/wp\/v2\/users\/3"}],"replies":[{"embeddable":true,"href":"https:\/\/laprovincedumaine.fr\/index.php\/wp-json\/wp\/v2\/comments?post=339"}],"version-history":[{"count":5,"href":"https:\/\/laprovincedumaine.fr\/index.php\/wp-json\/wp\/v2\/pages\/339\/revisions"}],"predecessor-version":[{"id":639,"href":"https:\/\/laprovincedumaine.fr\/index.php\/wp-json\/wp\/v2\/pages\/339\/revisions\/639"}],"wp:attachment":[{"href":"https:\/\/laprovincedumaine.fr\/index.php\/wp-json\/wp\/v2\/media?parent=339"}],"curies":[{"name":"wp","href":"https:\/\/api.w.org\/{rel}","templated":true}]}}